{"id":1087,"date":"2012-08-20T16:28:43","date_gmt":"2012-08-20T14:28:43","guid":{"rendered":"http:\/\/v10.vectrexx.net\/?page_id=1087"},"modified":"2013-01-28T16:28:01","modified_gmt":"2013-01-28T15:28:01","slug":"omme-story","status":"publish","type":"page","link":"http:\/\/v10.vectrexx.net\/?page_id=1087","title":{"rendered":"story"},"content":{"rendered":"<p><strong>&gt;&gt; Januar 2013<\/strong><br \/>\nZum Jahresbeginn gab es endlich einen intakten ZV-Stellmotor f\u00fcr die Beifahrert\u00fcr.<br \/>\nAu\u00dferdem wurde etwas Rostbefall bek\u00e4mpft.<br \/>\nBereits seit Dezember sorgt eine funktionierende Zusatzwasserpumpe wieder f\u00fcr eine merkliche Heizleistung im Innenraum.<\/p>\n<p>Nach ein paar Schwierigkeiten eine f\u00fcr das 99er-Modell passende Laderaumabdeckung zu finden, war die Suche nun erfolgreich.<\/p>\n<p><strong>&gt;&gt; Ende November 2012<\/strong><br \/>\nEin paar weitere Wartungsarbeiten standen an.<br \/>\nDer Weg f\u00fchrte also wieder nach Berlin zu Pinback.<br \/>\nVor Ort wurden die Sommerreifen durch Winterreifen ersetzt, die gesamte Bremsanlage samt Handbremsbel\u00e4gen erneuert, und die vorderen Querlenker wurden durch Neuteile ersetzt.<br \/>\n<a href=\"wp-content\/uploads\/2012\/11\/IMG_2548.jpg\" target=\"_blank\"><img src=\"wp-content\/uploads\/2012\/11\/IMG_2548-150x150.jpg\" alt=\"image\" \/><\/a><br \/>\nEbenso wurde ein intakter ABS-Block eingebaut.<br \/>\nErgebnis ist ein satt liegender Omega mit bissiger Bremse.<\/p>\n<p>Zuvor scheiterte der Versuch den defekten Beifahrer-ZV-Stellmotor zu ersetzen daran, da\u00df das Ersatzteil schlicht nicht passte. Hier besteht also noch Handlungsbedarf.<\/p>\n<p><strong>&gt;&gt; Oktober 2012<\/strong><br \/>\nZun\u00e4chst stand die Abholung bei Pinback (Holger) an. Vor Ort wurden kurzentschlossen noch Zylinderkopfdichtung und div. andere Dichtungen ersetzt. Der Grund war, da\u00df die ZKD nicht mehr \u00f6ldicht war und den Block samt Peripherie einsaute.<br \/>\n<a href=\"wp-content\/uploads\/2012\/11\/IMG_2498.jpg\" target=\"_blank\"><img src=\"wp-content\/uploads\/2012\/11\/IMG_2498-150x150.jpg\" alt=\"image\" \/><\/a><a href=\"wp-content\/uploads\/2012\/11\/IMG_2497.jpg\" target=\"_blank\"><img src=\"wp-content\/uploads\/2012\/11\/IMG_2497-150x150.jpg\" alt=\"image\" \/><\/a><br \/>\nAlso Motor raus und Dichtungen ersetzen.<br \/>\nDer Zahnriemen wurde erst wenige km vorher ersetzt, und konnte daher bleiben.<br \/>\nNachdem die Dichtungen ersetzt und der Motor wieder eingebaut war, ging es auf die Heimreise.<br \/>\nBesonders weit kam man allerdings nicht, da der K\u00fchler leckte.<br \/>\nSp\u00e4ter stellte sich heraus, da\u00df offenbar beim werkeln irgendwer oder irgendwas die K\u00fchlrippen motorseitig derart stark besch\u00e4digt hatte, da\u00df sich das K\u00fchlmittel fr\u00f6hlich seinen Weg ans freie suchte.<br \/>\n<a href=\"wp-content\/uploads\/2012\/11\/IMG_2532.jpg\" target=\"_blank\"><img src=\"wp-content\/uploads\/2012\/11\/IMG_2532-150x150.jpg\" alt=\"image\" \/><\/a><br \/>\nNachdem also ein intakter K\u00fchler eingebaut wurde, wurde parallel auch der \u00d6lpumpenregelkolben ersetzt, da es immer mal wieder zu \u00d6ldruckproblemen kam.<br \/>\n<a href=\"wp-content\/uploads\/2012\/11\/IMG_2543.jpg\" target=\"_blank\"><img src=\"wp-content\/uploads\/2012\/11\/IMG_2543-150x150.jpg\" alt=\"image\" \/><\/a><br \/>\nIm weiteren Verlauf des Monats wurde sp\u00e4ter noch die \u00d6lwanne abgebaut, um zu pr\u00fcfen ob das Ansaugsieb frei ist.<br \/>\nEs stellte sich heraus, da\u00df das Ansaugsieb der \u00d6lpumpe derart verdreckt war, da\u00df unter Last nicht ausreichend \u00d6l durchs System gepumpt wurden konnte.<br \/>\nNachdem der gesamte Bereich samt \u00d6lwanne entkeimt wurde, traten auch nie wieder \u00d6ldruckprobleme auf.<br \/>\n<a href=\"wp-content\/uploads\/2012\/11\/IMAG0356.jpg\" target=\"_blank\"><img src=\"wp-content\/uploads\/2012\/11\/IMAG0356-150x150.jpg\" alt=\"image\" \/><\/a><a href=\"wp-content\/uploads\/2012\/11\/IMAG0357.jpg\" target=\"_blank\"><img src=\"wp-content\/uploads\/2012\/11\/IMAG0357-150x150.jpg\" alt=\"image\" \/><\/a><\/p>\n<p>Nebens\u00e4chlichkeiten wie schwarze Seitenblinker, kratzerfreie Innenraumschalter und eine komplette Innenaufbereitung wurden zwischenzeitlich auch erledigt.<\/p>\n<p><a href=\"wp-content\/uploads\/2012\/11\/IMG_2474.jpg\" target=\"_blank\"><img src=\"wp-content\/uploads\/2012\/11\/IMG_2474-150x150.jpg\" alt=\"image\" \/><\/a><a href=\"wp-content\/uploads\/2012\/11\/IMG_2522.jpg\" target=\"_blank\"><img src=\"wp-content\/uploads\/2012\/11\/IMG_2522-150x150.jpg\" alt=\"image\" \/><\/a><a href=\"wp-content\/uploads\/2012\/11\/IMG_2524.jpg\" target=\"_blank\"><img src=\"wp-content\/uploads\/2012\/11\/IMG_2524-150x150.jpg\" alt=\"image\" \/><\/a><\/p>\n","protected":false},"excerpt":{"rendered":"<p>&gt;&gt; Januar 2013 Zum Jahresbeginn gab es endlich einen intakten ZV-Stellmotor f\u00fcr die Beifahrert\u00fcr. Au\u00dferdem wurde etwas Rostbefall bek\u00e4mpft. Bereits seit Dezember sorgt eine funktionierende Zusatzwasserpumpe wieder f\u00fcr eine merkliche Heizleistung im Innenraum. Nach ein paar Schwierigkeiten eine f\u00fcr das &hellip; <a href=\"http:\/\/v10.vectrexx.net\/?page_id=1087\">Read the rest of this entry <span class=\"meta-nav\">&rarr;<\/span><\/a><\/p>\n","protected":false},"author":1,"featured_media":0,"parent":1078,"menu_order":1,"comment_status":"open","ping_status":"closed","template":"onecolumn-page-nocom.php","meta":[],"_links":{"self":[{"href":"http:\/\/v10.vectrexx.net\/index.php?rest_route=\/wp\/v2\/pages\/1087"}],"collection":[{"href":"http:\/\/v10.vectrexx.net\/index.php?rest_route=\/wp\/v2\/pages"}],"about":[{"href":"http:\/\/v10.vectrexx.net\/index.php?rest_route=\/wp\/v2\/types\/page"}],"author":[{"embeddable":true,"href":"http:\/\/v10.vectrexx.net\/index.php?rest_route=\/wp\/v2\/users\/1"}],"replies":[{"embeddable":true,"href":"http:\/\/v10.vectrexx.net\/index.php?rest_route=%2Fwp%2Fv2%2Fcomments&post=1087"}],"version-history":[{"count":24,"href":"http:\/\/v10.vectrexx.net\/index.php?rest_route=\/wp\/v2\/pages\/1087\/revisions"}],"predecessor-version":[{"id":1205,"href":"http:\/\/v10.vectrexx.net\/index.php?rest_route=\/wp\/v2\/pages\/1087\/revisions\/1205"}],"up":[{"embeddable":true,"href":"http:\/\/v10.vectrexx.net\/index.php?rest_route=\/wp\/v2\/pages\/1078"}],"wp:attachment":[{"href":"http:\/\/v10.vectrexx.net\/index.php?rest_route=%2Fwp%2Fv2%2Fmedia&parent=1087"}],"curies":[{"name":"wp","href":"https:\/\/api.w.org\/{rel}","templated":true}]}}