{"id":1785,"date":"2017-10-11T14:49:25","date_gmt":"2017-10-11T12:49:25","guid":{"rendered":"http:\/\/v10.vectrexx.net\/?page_id=1785"},"modified":"2018-08-11T20:40:37","modified_gmt":"2018-08-11T18:40:37","slug":"story","status":"publish","type":"page","link":"http:\/\/v10.vectrexx.net\/?page_id=1785","title":{"rendered":"story"},"content":{"rendered":"<h3>Juli 2017<\/h3>\n<p>8 Jahre nach Verkauf meines ersten Vectra habe ich nun wieder einen.<br \/>\nWas soll das?<\/p>\n<p>Ganz einfach. Ich wollte ein Auto, womit man g\u00fcnstig jeden Tag 100km zur Arbeit fahren kann.<br \/>\nDa man dabei eh meist 10min im Stau steht, der Dicke auch nicht j\u00fcnger wird, und man hochgerechnet einiges sparen kann, hab ich mich dazu entschieden, eine Arbeitsschlurre zu suchen. Mit LPG &#8211; nat\u00fcrlich.<br \/>\nEinige Zeit verging aber eines Tages fand ich einen potentiellen Vectra. Ein 1.6er CC, in gr\u00fcn. Nicht unbedingt ein Traumwagen, aber LPG Anlage mit angemessenem Tankvolumen, g\u00fcnstig und T\u00dcV war auch noch drauf. Hingefahren, angeschaut, gekauft.<br \/>\nKlimaautomatik &#8211; k\u00fchlt. Pr\u00e4chtig.<br \/>\nKein Tempomat. W\u00e4re ja auch zuviel des Guten.<\/p>\n<p>Kleinigkeiten wie Tachobeleuchtung wurden repariert, T\u00dcV ist noch bis Januar 18 drauf.<br \/>\nJetzt erstmal gute Fahrt.<\/p>\n<h3>Oktober 2017<\/h3>\n<p>Ich fahre nun in der zw\u00f6lften Woche mit dem Vectra zur Arbeit und die Kraftstoffkosten haben sich doch erheblich reduziert. Man kann sagen, dass ich mehr spare, als der Vectra verbraucht. Denn inkl den Benzinkosten zum kaltfahren komme ich auf gute 5 ct\/km &#8211; damit spare ich 7,5 ct\/km gg\u00fc dem Dicken. Oder anders.. noch 2x tanken und ich habe die Fixkosten f\u00fcr Steuer und Versicherung raus \ud83d\ude42<\/p>\n<p>Dass das ganze kein Vergleich im Fahrfeeling oder sonstwas ist, muss man nicht dr\u00fcber disktuieren. Aber das war auch nicht das Ziel. Der Plan war g\u00fcnstig zur Arbeit zu kommen. Das erf\u00fcllt er bestens.<br \/>\nKlar zickt der alte Vierp\u00f6tter auch mal rum, interessanterweise l\u00e4uft er teils besser aus Gas als auf Benzin. Aber er l\u00e4uft. Und das jeden Tag.<br \/>\nUnd immerhin hat er genausoviele Ventile wie der Dicke \ud83d\ude00 (zugegeben ungleich kleiner)<\/p>\n<p>F\u00fcr den T\u00fcv im Januar muss ich aber wohl noch etwas investieren. Neue Ganzjahresreifen liegen auch schon parat.<\/p>\n<p>______________________________________________________________________________<\/p>\n<h3>Januar 2018<\/h3>\n<p>Im November kamen die neuen Reifen drauf. Im Januar gab es ein paar Ausfallerscheinungen.<br \/>\nZum einen gab der Nockenwellensensor den Geist auf &#8211; Klassiker.<br \/>\nZum anderen stellte sich heraus, da\u00df das AGR Ventil sich aufgel\u00f6st hatte, woraus auch Codes geschmissen wurden und der Notlauf aktiviert wurde. In diesem Fall musste nat\u00fcrlich wieder der Yukon den Job \u00fcbernehmen, mich zur Arbeit zu bringen.<br \/>\nIn diesem Monat steht auch noch der HU-Termin an. Mal sehen, was das noch bringt.<\/p>\n<p>Update Januar<br \/>\nDer Vectra f\u00e4hrt nun gar nicht mehr. Er springt zwar an wie immer, geht aber nach max. 2sek wieder aus.<br \/>\nUmfangreiche Diagnose wurde bereits gestartet, jedoch bisher ohne Ergebnis.<\/p>\n","protected":false},"excerpt":{"rendered":"<p>Juli 2017 8 Jahre nach Verkauf meines ersten Vectra habe ich nun wieder einen. Was soll das? Ganz einfach. Ich wollte ein Auto, womit man g\u00fcnstig jeden Tag 100km zur Arbeit fahren kann. Da man dabei eh meist 10min im &hellip; <a href=\"http:\/\/v10.vectrexx.net\/?page_id=1785\">Read the rest of this entry <span class=\"meta-nav\">&rarr;<\/span><\/a><\/p>\n","protected":false},"author":1,"featured_media":0,"parent":1780,"menu_order":0,"comment_status":"closed","ping_status":"closed","template":"","meta":[],"_links":{"self":[{"href":"http:\/\/v10.vectrexx.net\/index.php?rest_route=\/wp\/v2\/pages\/1785"}],"collection":[{"href":"http:\/\/v10.vectrexx.net\/index.php?rest_route=\/wp\/v2\/pages"}],"about":[{"href":"http:\/\/v10.vectrexx.net\/index.php?rest_route=\/wp\/v2\/types\/page"}],"author":[{"embeddable":true,"href":"http:\/\/v10.vectrexx.net\/index.php?rest_route=\/wp\/v2\/users\/1"}],"replies":[{"embeddable":true,"href":"http:\/\/v10.vectrexx.net\/index.php?rest_route=%2Fwp%2Fv2%2Fcomments&post=1785"}],"version-history":[{"count":8,"href":"http:\/\/v10.vectrexx.net\/index.php?rest_route=\/wp\/v2\/pages\/1785\/revisions"}],"predecessor-version":[{"id":1815,"href":"http:\/\/v10.vectrexx.net\/index.php?rest_route=\/wp\/v2\/pages\/1785\/revisions\/1815"}],"up":[{"embeddable":true,"href":"http:\/\/v10.vectrexx.net\/index.php?rest_route=\/wp\/v2\/pages\/1780"}],"wp:attachment":[{"href":"http:\/\/v10.vectrexx.net\/index.php?rest_route=%2Fwp%2Fv2%2Fmedia&parent=1785"}],"curies":[{"name":"wp","href":"https:\/\/api.w.org\/{rel}","templated":true}]}}