{"id":1848,"date":"2018-08-11T20:50:18","date_gmt":"2018-08-11T18:50:18","guid":{"rendered":"http:\/\/v10.vectrexx.net\/?page_id=1848"},"modified":"2018-08-12T02:44:29","modified_gmt":"2018-08-12T00:44:29","slug":"story","status":"publish","type":"page","link":"http:\/\/v10.vectrexx.net\/?page_id=1848","title":{"rendered":"story"},"content":{"rendered":"<p><strong>Juni 2018<\/strong><br \/>\nKauf und Abholung und \u00dcberf\u00fchrung auf eigener Achse.<br \/>\nDann erstmal gro\u00dfe Inspektion.. im gro\u00dfen und ganzen recht guter Zustand f\u00fcr ein knapp 20 Jahre altes Fahrzeug mit \u00fcber 246tkm auf der Uhr. Unterboden ist recht rostarm, hier wurde gleich hinterherkonserviert.<br \/>\nEin paar Dinge mussten gemacht werden, nicht zuletzt f\u00fcr die anstehende HU.<br \/>\nRadlager vorn, Auspuff nachgearbeitet, Rostentfernung und -vorsorge am Unterboden, ein paar Leuchtmittel, siffenden \u00d6ldruckschalter ersetzt. Sp\u00e4ter wurde noch die vordere Bremse erneuert, \u00d6lwechsel an Motor und Getriebe und Verschlei\u00dfzeug wie Z\u00fcndkerze+Luftfilter+Z\u00fcndkabel.<br \/>\nDank eines neuen K\u00fchlerdeckels hat auch die Nachblubberei im Ausgleichsbeh\u00e4lter nach dem Abstellen ein Ende.<\/p>\n<p><strong>Juli 2018<\/strong><br \/>\nMit frischer HU geht es jetzt an die ersten Arbeitstage.<br \/>\nEin paar unsch\u00f6ne Stellen in der Gegend Radl\u00e4ufe wurden entrostet und neu lackiert.<\/p>\n<p><strong>August 2018<\/strong><br \/>\nDer Benzinschlauch (Plastikzeugs) von Spritzwand an Kraftstoffrail ist gebrochen. Das erkl\u00e4rt dann auch den massiven Kraftstoffgeruch im Innenraum. Zum Gl\u00fcck ist weiter nichts passiert.<br \/>\nEin neuer Schlauch schafft hier Abhilfe.<br \/>\nDaf\u00fcr tickert es jetzt vom Auspuff &#8211; und das nicht zu knapp.<br \/>\nKlingt wie Kr\u00fcmmer gerissen.. muss jetzt nicht sein.<\/p>\n<p>Nach Zerlegen der Sache zeigt sich, dass vermutlich ein paar Schrauben am Kr\u00fcmmer nicht mehr so fest waren, wie sie h\u00e4tten sein sollen &#8211; und daher furzte es zw. Kr\u00fcmmer+Motor heraus.<br \/>\nBei der Gelegenheit stellte ich fest, dass es lose Teile im Kat gibt.<br \/>\nEtwas sch\u00fctteln brachte ein paar Klumpen zum Vorschein, was sehr unsch\u00f6nes erahnen l\u00e4sst.<\/p>\n<p>Eine Rundfahrt mit einer kleinen Kamera zeigte: der Kat l\u00f6st sich von hinten auf. Ist doch super.. l\u00e4uft..<\/p>\n<p>Die T\u00fcrfangb\u00e4nder der linken Seite nerven auch seit dem Kauf. Irgendwann werde ich da mal Ersatz besorgen m\u00fcssen..das Geknacke macht einen verr\u00fcckt..<br \/>\nGgf muss auch der Thermostat ersetzt werden, das warmwerden geht doch teils sehr unterschiedlich von statten.<\/p>\n","protected":false},"excerpt":{"rendered":"<p>Juni 2018 Kauf und Abholung und \u00dcberf\u00fchrung auf eigener Achse. Dann erstmal gro\u00dfe Inspektion.. im gro\u00dfen und ganzen recht guter Zustand f\u00fcr ein knapp 20 Jahre altes Fahrzeug mit \u00fcber 246tkm auf der Uhr. Unterboden ist recht rostarm, hier wurde &hellip; <a href=\"http:\/\/v10.vectrexx.net\/?page_id=1848\">Read the rest of this entry <span class=\"meta-nav\">&rarr;<\/span><\/a><\/p>\n","protected":false},"author":1,"featured_media":0,"parent":1841,"menu_order":1,"comment_status":"closed","ping_status":"closed","template":"onecolumn-page-nocom.php","meta":[],"_links":{"self":[{"href":"http:\/\/v10.vectrexx.net\/index.php?rest_route=\/wp\/v2\/pages\/1848"}],"collection":[{"href":"http:\/\/v10.vectrexx.net\/index.php?rest_route=\/wp\/v2\/pages"}],"about":[{"href":"http:\/\/v10.vectrexx.net\/index.php?rest_route=\/wp\/v2\/types\/page"}],"author":[{"embeddable":true,"href":"http:\/\/v10.vectrexx.net\/index.php?rest_route=\/wp\/v2\/users\/1"}],"replies":[{"embeddable":true,"href":"http:\/\/v10.vectrexx.net\/index.php?rest_route=%2Fwp%2Fv2%2Fcomments&post=1848"}],"version-history":[{"count":4,"href":"http:\/\/v10.vectrexx.net\/index.php?rest_route=\/wp\/v2\/pages\/1848\/revisions"}],"predecessor-version":[{"id":1893,"href":"http:\/\/v10.vectrexx.net\/index.php?rest_route=\/wp\/v2\/pages\/1848\/revisions\/1893"}],"up":[{"embeddable":true,"href":"http:\/\/v10.vectrexx.net\/index.php?rest_route=\/wp\/v2\/pages\/1841"}],"wp:attachment":[{"href":"http:\/\/v10.vectrexx.net\/index.php?rest_route=%2Fwp%2Fv2%2Fmedia&parent=1848"}],"curies":[{"name":"wp","href":"https:\/\/api.w.org\/{rel}","templated":true}]}}