{"id":25,"date":"2012-03-23T22:09:31","date_gmt":"2012-03-23T21:09:31","guid":{"rendered":"http:\/\/v10.vectrexx.net\/?page_id=25"},"modified":"2014-11-24T18:11:12","modified_gmt":"2014-11-24T17:11:12","slug":"opel-astra-f-caravan-2","status":"publish","type":"page","link":"http:\/\/v10.vectrexx.net\/?page_id=25","title":{"rendered":"#2 opel astra-f caravan"},"content":{"rendered":"<p>(11\/2008 &#8211; 12\/2008)<\/p>\n<p>Ende Sept. 08 &#8211; Nun ist es soweit.<br \/>\n Die CC-\u00c4ra hat eine Ende, es folgt der Caravan.<\/p>\n<p> Es dauerte ewig, bis ich etwas fand. Und selbst das was ich fand, war nicht das, was ich einst suchte.<br \/>\n Nunja..nicht so einfach. Was einem teilweise f\u00fcr Schrott angedreht werden will.<br \/>\n Und daf\u00fcr wollen die dann auch noch Geld sehen, und zwar nicht wenig. <\/p>\n<p> Daher kam ich zu folgendem Entschlu\u00df: erstmal was f\u00fcr den \u00dcbergang. <\/p>\n<p> Motor &#38; Aussattung, Zustand, Baujahr, alles relativ hupe.<br \/>\n T\u00dcV-tauglich m\u00fc\u00dfte er sein, bzw noch Rest-T\u00dcV haben.<br \/>\n Irgendwann fand ich mal einen. Von allen gesehenen am \u00e4ltesten,<br \/>\n aber &#8211; witzigerweise &#8211; in teilweise deutlich besserem Zustand. <\/p>\n<p><img src=\"http:\/\/v10.vectrexx.net\/wp-content\/uploads\/2012\/03\/IMG_7657-150x150.jpg\" alt=\"\" \/><br \/>\n Preis? Passt.<br \/>\n Zustand? Reicht. Ausstattung? Naja was solls.<br \/>\n Motor? 100PS, der gute C16SE. <\/p>\n<p> Reicht f\u00fcr den \u00dcbergang.<br \/>\n Zumal ich mich ja schon seelisch halb darauf eingestellt hab, bald ne Weile mit 60PS rumzugurken.<\/p>\n<p> Sicherlich, dieser Caravan ist nicht erste Wahl, aber als \u00dcbergangsfahrzeug, was solls.<br \/>\n Deswegen wird auch nicht besonders viel mit ihm passieren.<br \/>\n Erst recht keine gro\u00dfen Tuningma\u00dfnahmen.<br \/>\n Wenn etwas dran gemacht wird, dient es in erster Linie der Instandhaltung,<br \/>\n oder es ist universell-caravan-nutzbar, also wird in den Nachfolger umgebaut.<br \/>\n Oder es dient einfach zum testen und Spieltrieb ausleben \ud83d\ude09<\/p>\n","protected":false},"excerpt":{"rendered":"<p>(11\/2008 &#8211; 12\/2008) Ende Sept. 08 &#8211; Nun ist es soweit. Die CC-\u00c4ra hat eine Ende, es folgt der Caravan. Es dauerte ewig, bis ich etwas fand. Und selbst das was ich fand, war nicht das, was ich einst suchte. &hellip; <a href=\"http:\/\/v10.vectrexx.net\/?page_id=25\">Read the rest of this entry <span class=\"meta-nav\">&rarr;<\/span><\/a><\/p>\n","protected":false},"author":1,"featured_media":0,"parent":1316,"menu_order":0,"comment_status":"open","ping_status":"closed","template":"onecolumn-page-nocom.php","meta":[],"_links":{"self":[{"href":"http:\/\/v10.vectrexx.net\/index.php?rest_route=\/wp\/v2\/pages\/25"}],"collection":[{"href":"http:\/\/v10.vectrexx.net\/index.php?rest_route=\/wp\/v2\/pages"}],"about":[{"href":"http:\/\/v10.vectrexx.net\/index.php?rest_route=\/wp\/v2\/types\/page"}],"author":[{"embeddable":true,"href":"http:\/\/v10.vectrexx.net\/index.php?rest_route=\/wp\/v2\/users\/1"}],"replies":[{"embeddable":true,"href":"http:\/\/v10.vectrexx.net\/index.php?rest_route=%2Fwp%2Fv2%2Fcomments&post=25"}],"version-history":[{"count":13,"href":"http:\/\/v10.vectrexx.net\/index.php?rest_route=\/wp\/v2\/pages\/25\/revisions"}],"predecessor-version":[{"id":1493,"href":"http:\/\/v10.vectrexx.net\/index.php?rest_route=\/wp\/v2\/pages\/25\/revisions\/1493"}],"up":[{"embeddable":true,"href":"http:\/\/v10.vectrexx.net\/index.php?rest_route=\/wp\/v2\/pages\/1316"}],"wp:attachment":[{"href":"http:\/\/v10.vectrexx.net\/index.php?rest_route=%2Fwp%2Fv2%2Fmedia&parent=25"}],"curies":[{"name":"wp","href":"https:\/\/api.w.org\/{rel}","templated":true}]}}