{"id":27,"date":"2012-03-23T22:09:48","date_gmt":"2012-03-23T21:09:48","guid":{"rendered":"http:\/\/v10.vectrexx.net\/?page_id=27"},"modified":"2014-11-24T18:10:28","modified_gmt":"2014-11-24T17:10:28","slug":"opel-astra-f-caravan","status":"publish","type":"page","link":"http:\/\/v10.vectrexx.net\/?page_id=27","title":{"rendered":"#5 opel astra-f caravan"},"content":{"rendered":"<p>Der Abstieg &#8211; Astra-F  (09\/2011 &#8211; 10\/2011)<\/p>\n<p><img src=\"http:\/\/v10.vectrexx.net\/wp-content\/uploads\/2012\/03\/IMG_1508-150x150.jpg\" alt=\"\" \/><br \/>\nAstra-F.. Frontantrieb..100 PS.. was is da los?<br \/>\nEs ist nur ein \u00dcbergangsauto&#8230; daf\u00fcr reichts.<br \/>\nEs f\u00e4hrt &#8211; das ist wichtig.<\/p>\n<p><strong>September &#8217;11<\/strong><br \/>\n Kauf des Objektes.<br \/>\n Ein neuer Auspuff war von N\u00f6ten, mehr wird an diesem Ding nicht passieren.<br \/>\n Ich hab einfach keine Lust, da gro\u00df Geld reinzustecken ^^<\/p>\n<p> Einzig der rostm\u00e4\u00dfig relativ gute Zustand bleibt evtl. zu erw\u00e4hnen. <\/p>\n<p><strong>Oktober &#8217;11<\/strong><br \/>\n Der eingebaute Motor wurde durch einen anderen getauscht, da dieser etwa 1l \u00d6l auf 100km verbrannte.<\/p>\n","protected":false},"excerpt":{"rendered":"<p>Der Abstieg &#8211; Astra-F (09\/2011 &#8211; 10\/2011) Astra-F.. Frontantrieb..100 PS.. was is da los? Es ist nur ein \u00dcbergangsauto&#8230; daf\u00fcr reichts. Es f\u00e4hrt &#8211; das ist wichtig. September &#8217;11 Kauf des Objektes. Ein neuer Auspuff war von N\u00f6ten, mehr wird &hellip; <a href=\"http:\/\/v10.vectrexx.net\/?page_id=27\">Read the rest of this entry <span class=\"meta-nav\">&rarr;<\/span><\/a><\/p>\n","protected":false},"author":1,"featured_media":0,"parent":1316,"menu_order":1,"comment_status":"open","ping_status":"closed","template":"onecolumn-page-nocom.php","meta":[],"_links":{"self":[{"href":"http:\/\/v10.vectrexx.net\/index.php?rest_route=\/wp\/v2\/pages\/27"}],"collection":[{"href":"http:\/\/v10.vectrexx.net\/index.php?rest_route=\/wp\/v2\/pages"}],"about":[{"href":"http:\/\/v10.vectrexx.net\/index.php?rest_route=\/wp\/v2\/types\/page"}],"author":[{"embeddable":true,"href":"http:\/\/v10.vectrexx.net\/index.php?rest_route=\/wp\/v2\/users\/1"}],"replies":[{"embeddable":true,"href":"http:\/\/v10.vectrexx.net\/index.php?rest_route=%2Fwp%2Fv2%2Fcomments&post=27"}],"version-history":[{"count":16,"href":"http:\/\/v10.vectrexx.net\/index.php?rest_route=\/wp\/v2\/pages\/27\/revisions"}],"predecessor-version":[{"id":1492,"href":"http:\/\/v10.vectrexx.net\/index.php?rest_route=\/wp\/v2\/pages\/27\/revisions\/1492"}],"up":[{"embeddable":true,"href":"http:\/\/v10.vectrexx.net\/index.php?rest_route=\/wp\/v2\/pages\/1316"}],"wp:attachment":[{"href":"http:\/\/v10.vectrexx.net\/index.php?rest_route=%2Fwp%2Fv2%2Fmedia&parent=27"}],"curies":[{"name":"wp","href":"https:\/\/api.w.org\/{rel}","templated":true}]}}