{"id":297,"date":"2012-03-25T16:11:20","date_gmt":"2012-03-25T16:11:20","guid":{"rendered":"http:\/\/v10.vectrexx.net\/?page_id=297"},"modified":"2012-04-03T11:34:11","modified_gmt":"2012-04-03T11:34:11","slug":"story","status":"publish","type":"page","link":"http:\/\/v10.vectrexx.net\/?page_id=297","title":{"rendered":"story"},"content":{"rendered":"<h3>Juli 2009<\/h3>\n<p>Der Vectra steht zum Verkauf. Nicht etwa weil er kernschrott oder dergleichen ist. Vielmehr hab ich mich entschieden, da\u00df es gr\u00f6\u00dferes hermu\u00df. Da ich leider den Vectra nicht behalten kann, mu\u00df ich ihn dazu aber verkaufen.<br \/>\n das tue ich nicht gern, denn trotz allem ist es ein Super Auto. Nur ist er eben doch etwas zu klein.. <\/p>\n<p> Die Abr\u00fcstung des Vectra ist abgeschlossen. Waren ja nicht viele Teile.<br \/>\n Aber was diese paar Teile ausmachen&#8230;<br \/>\n<a href=\"http:\/\/v10.vectrexx.net\/wp-content\/uploads\/2012\/03\/IMG_0638.jpg\" target=\"_blank\"><img src=\"http:\/\/v10.vectrexx.net\/wp-content\/uploads\/2012\/03\/IMG_0638-150x150.jpg\" alt=\"\" \/><\/a><a href=\"http:\/\/v10.vectrexx.net\/wp-content\/uploads\/2012\/03\/IMG_0640.jpg\" target=\"_blank\"><img src=\"http:\/\/v10.vectrexx.net\/wp-content\/uploads\/2012\/03\/IMG_0640-150x150.jpg\" alt=\"\" \/><\/a><a href=\"http:\/\/v10.vectrexx.net\/wp-content\/uploads\/2012\/03\/IMG_0637.jpg\" target=\"_blank\"><img src=\"http:\/\/v10.vectrexx.net\/wp-content\/uploads\/2012\/03\/IMG_0637-150x150.jpg\" alt=\"\" \/><\/a><\/p>\n<p>_______________________________________________________________________________________<\/p>\n<h3>Mai 2009<\/h3>\n<p>Kommen wir zu was neuem:<br \/>\n Ich habe endlich Sommerr\u00e4der gefunden. Es sind Opel 5-Stern 18-Z\u00f6ller vom Astra-H geworden.<br \/>\n Machen sich recht gut wie ich finde. T\u00fcv war nach 2 Versuchen und etwas Warterei auch gemacht.<br \/>\n An dieser Stelle Danke an Hr. Dipl.Ing Langheim vom T\u00dcV Norderstedt f\u00fcr die faire Behandlung.<br \/>\n<a href=\"http:\/\/v10.vectrexx.net\/wp-content\/uploads\/2012\/03\/IMG_9968.jpg\" target=\"_blank\"><img src=\"http:\/\/v10.vectrexx.net\/wp-content\/uploads\/2012\/03\/IMG_9968-150x150.jpg\" alt=\"\" \/><\/a><a href=\"http:\/\/v10.vectrexx.net\/wp-content\/uploads\/2012\/03\/IMG_0065.jpg\" target=\"_blank\"><img src=\"http:\/\/v10.vectrexx.net\/wp-content\/uploads\/2012\/03\/IMG_0065-150x150.jpg\" alt=\"\" \/><\/a><a href=\"http:\/\/v10.vectrexx.net\/wp-content\/uploads\/2012\/03\/IMG_0105.jpg\" target=\"_blank\"><img src=\"http:\/\/v10.vectrexx.net\/wp-content\/uploads\/2012\/03\/IMG_0105-150x150.jpg\" alt=\"\" \/><\/a><br \/>\nAch \u00fcbrigens, der Motor ist schon l\u00e4nger nicht mehr von selber ausgegangen. Daf\u00fcr zeigt mein MID laufend &#8222;\u00d6lstand pr\u00fcfen&#8220; an, obwohl randvoll. Sieht nach nem Kabelbruch aus, bin noch nicht dazu gekommen das nachzupr\u00fcfen.<\/p>\n<p> ___________________________________<\/p>\n<p> Am Wochenende nach Soltau hatte ich nun endlich alles f\u00fcr eine maschinelle Politur zusammen.<br \/>\n Also ans Werk.<br \/>\n Ein Unterschied ist deutlich erkennbar, und die Aussage &#8218;er hats n\u00f6tig&#8216; hatte absolut ihre Berechtigung.<br \/>\n Auf dem ersten Bild wurde versucht, den Unterschied einzufangen. Sieht aus wie eine Falz, aber nein.. in echt war Grauschleier vs Schwarz zu erkennen.<br \/>\n<a href=\"http:\/\/v10.vectrexx.net\/wp-content\/uploads\/2012\/03\/103_3103.jpg\" target=\"_blank\"><img src=\"http:\/\/v10.vectrexx.net\/wp-content\/uploads\/2012\/03\/103_3103-150x150.jpg\" alt=\"\" \/><\/a><a href=\"http:\/\/v10.vectrexx.net\/wp-content\/uploads\/2012\/03\/103_3103.jpg\" target=\"_blank\"><img src=\"http:\/\/v10.vectrexx.net\/wp-content\/uploads\/2012\/03\/103_3103-150x150.jpg\" alt=\"\" \/><\/a><a href=\"http:\/\/v10.vectrexx.net\/wp-content\/uploads\/2012\/03\/100_1538.jpg\" target=\"_blank\"><img src=\"http:\/\/v10.vectrexx.net\/wp-content\/uploads\/2012\/03\/100_1538-150x150.jpg\" alt=\"\" \/><\/a><a href=\"http:\/\/v10.vectrexx.net\/wp-content\/uploads\/2012\/03\/100_1542.jpg\" target=\"_blank\"><img src=\"http:\/\/v10.vectrexx.net\/wp-content\/uploads\/2012\/03\/100_1542-150x150.jpg\" alt=\"\" \/><\/a><\/p>\n<p>_______________________________________________________________________________________<\/p>\n<h3>April 2009<\/h3>\n<p> Der Monat hat mit der Zerlegung meines Motors angefangen.<br \/>\n Grund daf\u00fcr waren defekte Ventilschaftdichtungen.<br \/>\n Diese mu\u00dften ersetzt werden, da mir das morgendliche Gequalme auf den Keks ging.<br \/>\n Also R\u00fcbe ab und unter latentem Zeitdruck abdichten.<br \/>\n Die alten Schaftis kamen mir beim Zerlegen teilweise schon freudig entgegengesprungen (nich w\u00f6rtlich :P)<br \/>\n<a href=\"http:\/\/v10.vectrexx.net\/wp-content\/uploads\/2012\/03\/IMG_9592.jpg\" target=\"_blank\"><img src=\"http:\/\/v10.vectrexx.net\/wp-content\/uploads\/2012\/03\/IMG_9592-150x150.jpg\" alt=\"\" \/><\/a><a href=\"http:\/\/v10.vectrexx.net\/wp-content\/uploads\/2012\/03\/IMG_9598.jpg\" target=\"_blank\"><img src=\"http:\/\/v10.vectrexx.net\/wp-content\/uploads\/2012\/03\/IMG_9598-150x150.jpg\" alt=\"\" \/><\/a><a href=\"http:\/\/v10.vectrexx.net\/wp-content\/uploads\/2012\/03\/IMG_9601.jpg\" target=\"_blank\"><img src=\"http:\/\/v10.vectrexx.net\/wp-content\/uploads\/2012\/03\/IMG_9601-150x150.jpg\" alt=\"\" \/><\/a><\/p>\n<p>Wie auf dem Bild ersichtlich waren nach \u00fcber 156tkm schon einiges an Verkokungen<br \/>\n an den Ventilen und dem Umfeld vorhanden.<br \/>\n Also alles saubermachen, neue Schaftis rein, zusammenschrauben.<br \/>\n Bei der Gelegenheit auch gleich die Irmscher-Nockenwellen aus dem Astra reingezimmert.<br \/>\n Fehlt beizeiten noch der F\u00e4cher, der schon l\u00e4ngst rumliegt. Der Ventildeckel wurde schwarzmatt angemalt.<br \/>\n<a href=\"http:\/\/v10.vectrexx.net\/wp-content\/uploads\/2012\/03\/IMG_9615.jpg\" target=\"_blank\"><img src=\"http:\/\/v10.vectrexx.net\/wp-content\/uploads\/2012\/03\/IMG_9615-150x150.jpg\" alt=\"\" \/><\/a><a href=\"http:\/\/v10.vectrexx.net\/wp-content\/uploads\/2012\/03\/IMG_9627.jpg\" target=\"_blank\"><img src=\"http:\/\/v10.vectrexx.net\/wp-content\/uploads\/2012\/03\/IMG_9627-150x150.jpg\" alt=\"\" \/><\/a><a href=\"http:\/\/v10.vectrexx.net\/wp-content\/uploads\/2012\/03\/IMG_9648.jpg\" target=\"_blank\"><img src=\"http:\/\/v10.vectrexx.net\/wp-content\/uploads\/2012\/03\/IMG_9648-150x150.jpg\" alt=\"\" \/><\/a><\/p>\n<p>Ich habe auch den K\u00fchlergrill durch eine Chromblende vom Facelift-Modell modifiziert,<br \/>\n allerdings wei\u00df ich noch nicht, ob mir das so 100%ig zusagt; mal sehen. <\/p>\n<p> Nebenbei bemerkt hab ich jetzt, nach dem Zerlegen, etwas Probleme mit Motorausgehen beim Auskuppeln.<br \/>\n Toll.. davor hat er das nie gemacht.. wieso jetzt?<br \/>\n Mu\u00df ich da nochmal die LFR-Reinigungschose durchziehen.<br \/>\n Naja, wenn nun wenigstens das Gequalme und der \u00d6lverbrauch weg ist, wars dennoch lohnenswert.<br \/>\n Der Rest ist Formsache.<br \/>\n ___________________________________<\/p>\n<h3>Ende April<\/h3>\n<p> Mittlerweile hat sich der Motor wieder von selbst gefangen und geht nicht.. nagut.. recht selten aus.<br \/>\n Wie \u00fcblich nicht reproduzierbar und scheinbar v\u00f6llig aus der Luft gegriffen.<br \/>\n Der Abgaskr\u00fcmmer\/dichtung ist auch undicht.. hm naja.. hab sowieso den F\u00e4cher liegen.<\/p>\n<p>_______________________________________________________________________________________<\/p>\n<h3>M\u00e4rz 2009<\/h3>\n<p>Ein weiteres Erbe des Vorbesitzers wurde entfernt.<br \/>\n Diesmal wars die komische Zigianz\u00fcnderbuchse hinten, die durch einen serienm\u00e4\u00dfigen Ascher ersetzt wurde.<br \/>\n Leider bleiben weiterhin die 4 Bohrl\u00f6cher, mal sehen ob ich da SmartRepair mache oder ne Ersatzkonsole besorge.<br \/>\n<a href=\"http:\/\/v10.vectrexx.net\/wp-content\/uploads\/2012\/03\/IMG_9519.jpg\" target=\"_blank\"><img src=\"http:\/\/v10.vectrexx.net\/wp-content\/uploads\/2012\/03\/IMG_9519-150x150.jpg\" alt=\"\" \/><\/a><a href=\"http:\/\/v10.vectrexx.net\/wp-content\/uploads\/2012\/03\/IMG_9525.jpg\" target=\"_blank\"><img src=\"http:\/\/v10.vectrexx.net\/wp-content\/uploads\/2012\/03\/IMG_9525-150x150.jpg\" alt=\"\" \/><\/a><br \/>\n___________________________________<\/p>\n<p> Es war ein kleiner Rundumschlag am heutigen Tage.<br \/>\n Ein paar der rumliegenden Teile wurden verbaut.<\/p>\n<p> Innen wurde nur der Schaltrahmen in &#8218;Titan&#8216;-Optik getauscht, um einheitlich mit der Armaturenbrettblende und der Tachoblende zu sein.<br \/>\n<a href=\"http:\/\/v10.vectrexx.net\/wp-content\/uploads\/2012\/03\/IMG_9557.jpg\" target=\"_blank\"><img src=\"http:\/\/v10.vectrexx.net\/wp-content\/uploads\/2012\/03\/IMG_9557-150x150.jpg\" alt=\"\" \/><\/a><a href=\"http:\/\/v10.vectrexx.net\/wp-content\/uploads\/2012\/03\/IMG_9558.jpg\" target=\"_blank\"><img src=\"http:\/\/v10.vectrexx.net\/wp-content\/uploads\/2012\/03\/IMG_9558-150x150.jpg\" alt=\"\" \/><\/a><\/p>\n<p>Au\u00dfen wurde endlich der Sebring Endtopf verbaut. Endrohr ist 2&#215;76 rund.<br \/>\n Rund.. h\u00e4tt mir einer vor nem Jahr gesagt, da\u00df ich mal rund fahre, h\u00e4tte ich denjenigen wohl f\u00fcr v\u00f6llig<br \/>\n durchgeknallt erkl\u00e4rt.. \ud83d\ude42 Aber zum Vectra passts irgendwie, ist dezent. Optisch.<br \/>\n Akustisch gibt er sich schon ganz ordentlich.. h\u00e4tt ich so nicht erwartet..<br \/>\n<a href=\"http:\/\/v10.vectrexx.net\/wp-content\/uploads\/2012\/03\/IMG_9559.jpg\" target=\"_blank\"><img src=\"http:\/\/v10.vectrexx.net\/wp-content\/uploads\/2012\/03\/IMG_9559-150x150.jpg\" alt=\"\" \/><\/a><a href=\"http:\/\/v10.vectrexx.net\/wp-content\/uploads\/2012\/03\/IMG_9561.jpg\" target=\"_blank\"><img src=\"http:\/\/v10.vectrexx.net\/wp-content\/uploads\/2012\/03\/IMG_9561-150x150.jpg\" alt=\"\" \/><\/a><a href=\"http:\/\/v10.vectrexx.net\/wp-content\/uploads\/2012\/03\/IMG_9562.jpg\" target=\"_blank\"><img src=\"http:\/\/v10.vectrexx.net\/wp-content\/uploads\/2012\/03\/IMG_9562-150x150.jpg\" alt=\"\" \/><\/a><\/p>\n<p>Au\u00dferdem wurden vorne schwarze Klarglas-Scheinwerfer verbaut. Das ist ein gro\u00dfes optisches Plus wie ich finde.<br \/>\n Alles weitere wird sich noch zeigen, wie etwa Ausleuchtung oder M\u00e4ngel wie Beschlagen etcpp<br \/>\n<a href=\"http:\/\/v10.vectrexx.net\/wp-content\/uploads\/2012\/03\/IMG_9567.jpg\" target=\"_blank\"><img src=\"http:\/\/v10.vectrexx.net\/wp-content\/uploads\/2012\/03\/IMG_9567-150x150.jpg\" alt=\"\" \/><\/a><a href=\"http:\/\/v10.vectrexx.net\/wp-content\/uploads\/2012\/03\/IMG_9575.jpg\" target=\"_blank\"><img src=\"http:\/\/v10.vectrexx.net\/wp-content\/uploads\/2012\/03\/IMG_9575-150x150.jpg\" alt=\"\" \/><\/a><a href=\"http:\/\/v10.vectrexx.net\/wp-content\/uploads\/2012\/03\/IMG_9576.jpg\" target=\"_blank\"><img src=\"http:\/\/v10.vectrexx.net\/wp-content\/uploads\/2012\/03\/IMG_9576-150x150.jpg\" alt=\"\" \/><\/a><\/p>\n<p>Und poliert wurde bei der Gelegenheit auch nochmal.<br \/>\n Um am Ende doch festzustellen, da\u00df der Lack mal eine Maschinenpolitur n\u00f6tig hat.<br \/>\n<a href=\"http:\/\/v10.vectrexx.net\/wp-content\/uploads\/2012\/03\/IMG_9574.jpg\" target=\"_blank\"><img src=\"http:\/\/v10.vectrexx.net\/wp-content\/uploads\/2012\/03\/IMG_9574-150x150.jpg\" alt=\"\" \/><\/a><a href=\"http:\/\/v10.vectrexx.net\/wp-content\/uploads\/2012\/03\/IMG_9572.jpg\" target=\"_blank\"><img src=\"http:\/\/v10.vectrexx.net\/wp-content\/uploads\/2012\/03\/IMG_9572-150x150.jpg\" alt=\"\" \/><\/a><a href=\"http:\/\/v10.vectrexx.net\/wp-content\/uploads\/2012\/03\/IMG_9573.jpg\" target=\"_blank\"><img src=\"http:\/\/v10.vectrexx.net\/wp-content\/uploads\/2012\/03\/IMG_9573-150x150.jpg\" alt=\"\" \/><\/a><\/p>\n<p>_______________________________________________________________________________________<\/p>\n<h3>Februar 2009<\/h3>\n<p>Es haben sich einige Teile angesammelt, bzw ich warte darauf da\u00df sie ankommen.<br \/>\nBereits da ist mein Radio. Also wurde es kurzerhand eingebaut.<br \/>\nEs ist &#8211; mal wieder &#8211; ein Alpine, diesmal ein 9886R.<br \/>\n<a href=\"http:\/\/v10.vectrexx.net\/wp-content\/uploads\/2012\/03\/IMG_9128.jpg\" target=\"_blank\"><img src=\"http:\/\/v10.vectrexx.net\/wp-content\/uploads\/2012\/03\/IMG_9128-150x150.jpg\" alt=\"\" \/><\/a><a href=\"http:\/\/v10.vectrexx.net\/wp-content\/uploads\/2012\/03\/IMG_9133.jpg\" target=\"_blank\"><img src=\"http:\/\/v10.vectrexx.net\/wp-content\/uploads\/2012\/03\/IMG_9133-150x150.jpg\" alt=\"\" \/><\/a><\/p>\n<p>Vorteil gegen\u00fcber meinem alten 9812er ist v.a. der USB-Anschlu\u00df.<br \/>\n Dort h\u00e4ngt erstmal ein 8GB-Stick dran, der nun das Gros meiner Begleitmusik beisteuern wird.<\/p>\n<p> Der Rest der Hifieinrichtung bleibt erstmal wies ist.<br \/>\n Bevor es nicht w\u00e4rmer wird macht ein Einbau keinen Spa\u00df, au\u00dferdem fehlen daf\u00fcr sowieso noch ein paar Teile.<br \/>\n Aber zweifellos wird dies bezeiten folgen, um das volle Potential des Radios auszusch\u00f6pfen.<br \/>\n ___________________________________<\/p>\n<p> K\u00fcrzlich hab ich auch einmal dr\u00fcberpoliert, allerdings war das ne spontane Kurzaktion.<br \/>\n Bin zu der Erkenntnis gekommen, da\u00df ich nochmal mit was sch\u00e4rferem bei mu\u00df.<br \/>\n Dennoch ist das Ergebnis schonmal besser als vorher.<br \/>\n<a href=\"http:\/\/v10.vectrexx.net\/wp-content\/uploads\/2012\/03\/IMG_9368.jpg\" target=\"_blank\"><img src=\"http:\/\/v10.vectrexx.net\/wp-content\/uploads\/2012\/03\/IMG_9368-150x150.jpg\" alt=\"\" \/><\/a><a href=\"http:\/\/v10.vectrexx.net\/wp-content\/uploads\/2012\/03\/IMG_9367.jpg\" target=\"_blank\"><img src=\"http:\/\/v10.vectrexx.net\/wp-content\/uploads\/2012\/03\/IMG_9367-150x150.jpg\" alt=\"\" \/><\/a><a href=\"http:\/\/v10.vectrexx.net\/wp-content\/uploads\/2012\/03\/IMG_9366.jpg\" target=\"_blank\"><img src=\"http:\/\/v10.vectrexx.net\/wp-content\/uploads\/2012\/03\/IMG_9366-150x150.jpg\" alt=\"\" \/><\/a><\/p>\n<p> _______________________________________________________________________________________<\/p>\n<h3>Januar 2009<\/h3>\n<p>Der erste Gro\u00dfeinkauf wurde auch schon erledigt.<br \/>\n<a href=\"http:\/\/v10.vectrexx.net\/wp-content\/uploads\/2012\/03\/IMG_8468.jpg\" target=\"_blank\"><img src=\"http:\/\/v10.vectrexx.net\/wp-content\/uploads\/2012\/03\/IMG_8468-150x150.jpg\" alt=\"\" \/><\/a><a href=\"http:\/\/v10.vectrexx.net\/wp-content\/uploads\/2012\/03\/IMG_8469.jpg\" target=\"_blank\"><img src=\"http:\/\/v10.vectrexx.net\/wp-content\/uploads\/2012\/03\/IMG_8469-150x150.jpg\" alt=\"\" \/><\/a><\/p>\n<p>Nebenbei haben sich ein paar Kleinigkeiten eingeschlichen, so war etwa der ZV-Stellmotor der Fahrerseite verreckt.<br \/>\nDies wurde mittlerweile behoben und die Bereifung wurde (endlich) durch neue Winterreifen ersetzt.<\/p>\n<p>Da die rechte R\u00fcckleuchte einen Riss hatte und sich bereits ein Feuchtbiotop gebildet hatte und es sowieso keine alternativen R\u00fcckleuchten gibt, wurde selbige durch eine baugleiche intakte ausgetauscht.<br \/>\n<a href=\"http:\/\/v10.vectrexx.net\/wp-content\/uploads\/2012\/03\/IMG_8977.jpg\" target=\"_blank\"><img src=\"http:\/\/v10.vectrexx.net\/wp-content\/uploads\/2012\/03\/IMG_8977-150x150.jpg\" alt=\"\" \/><\/a><a href=\"http:\/\/v10.vectrexx.net\/wp-content\/uploads\/2012\/03\/IMG_8980.jpg\" target=\"_blank\"><img src=\"http:\/\/v10.vectrexx.net\/wp-content\/uploads\/2012\/03\/IMG_8980-150x150.jpg\" alt=\"\" \/><\/a><\/p>\n<p>Nebenbei l\u00e4uft noch ein kleines Innenraumprojekt im Zuge des Umbaus auf wei\u00dfe Instrumentenbeleuuchtung.<\/p>\n<p> Au\u00dferdem fand ich beim ZV-Motorwechsel ein paar interessante Dinge.<br \/>\n Zum einen w\u00e4ren das getauschte Boxen vorn. Das erkl\u00e4rt den teilweise massiven Bass,<br \/>\n wobei ich zugeben mu\u00df da\u00df ich dachte da\u00df das die Serienboxen veranstalten. So viel wars dann n\u00e4mlich nicht..<br \/>\n Und ich fand vorger\u00fcstete Kabel f\u00fcr m\u00f6gliche zuk\u00fcnftige Spielereien \ud83d\ude09<br \/>\n<a href=\"http:\/\/v10.vectrexx.net\/wp-content\/uploads\/2012\/03\/IMG_8981.jpg\" target=\"_blank\"><img src=\"http:\/\/v10.vectrexx.net\/wp-content\/uploads\/2012\/03\/IMG_8981-150x150.jpg\" alt=\"\" \/><\/a><a href=\"http:\/\/v10.vectrexx.net\/wp-content\/uploads\/2012\/03\/IMG_8982.jpg\" target=\"_blank\"><img src=\"http:\/\/v10.vectrexx.net\/wp-content\/uploads\/2012\/03\/IMG_8982-150x150.jpg\" alt=\"\" \/><\/a><\/p>\n<p> _______________________________________________________________________________________<\/p>\n<h3>Dezember 2008<\/h3>\n<p>Abholen vom H\u00e4ndler, kleinere Wartungsarbeiten, T\u00fcv-fertig machen.<br \/>\n<a href=\"http:\/\/v10.vectrexx.net\/wp-content\/uploads\/2012\/03\/IMG_8864.jpg\" target=\"_blank\"><img src=\"http:\/\/v10.vectrexx.net\/wp-content\/uploads\/2012\/03\/IMG_8864-150x150.jpg\" alt=\"\" \/><\/a><a href=\"http:\/\/v10.vectrexx.net\/wp-content\/uploads\/2012\/03\/IMG_8893.jpg\" target=\"_blank\"><img src=\"http:\/\/v10.vectrexx.net\/wp-content\/uploads\/2012\/03\/IMG_8893-150x150.jpg\" alt=\"\" \/><\/a><\/p>\n<p>T\u00fcv ist gemacht, Warten aufs Anmelden..<br \/>\n<a href=\"http:\/\/v10.vectrexx.net\/wp-content\/uploads\/2012\/03\/IMG_8242.jpg\" target=\"_blank\"><img src=\"http:\/\/v10.vectrexx.net\/wp-content\/uploads\/2012\/03\/IMG_8242-150x150.jpg\" alt=\"\" \/><\/a><a href=\"http:\/\/v10.vectrexx.net\/wp-content\/uploads\/2012\/03\/IMG_8243.jpg\" target=\"_blank\"><img src=\"http:\/\/v10.vectrexx.net\/wp-content\/uploads\/2012\/03\/IMG_8243-150x150.jpg\" alt=\"\" \/><\/a><\/p>\n<p>Die Handyhalterung wurde entfernt, die Instrumentenbeleuchtung wurde angefangen.<br \/>\n<a href=\"http:\/\/v10.vectrexx.net\/wp-content\/uploads\/2012\/03\/miko_oh.jpg\" target=\"_blank\"><img src=\"http:\/\/v10.vectrexx.net\/wp-content\/uploads\/2012\/03\/miko_oh-150x150.jpg\" alt=\"\" \/><\/a> =&gt; <a href=\"http:\/\/v10.vectrexx.net\/wp-content\/uploads\/2012\/03\/IMG_8946.jpg\" target=\"_blank\"><img src=\"http:\/\/v10.vectrexx.net\/wp-content\/uploads\/2012\/03\/IMG_8946-150x150.jpg\" alt=\"\" \/><\/a><br \/>\n<a href=\"http:\/\/v10.vectrexx.net\/wp-content\/uploads\/2012\/03\/IMG_8337.jpg\" target=\"_blank\"><img src=\"http:\/\/v10.vectrexx.net\/wp-content\/uploads\/2012\/03\/IMG_8337-150x150.jpg\" alt=\"\" \/><\/a><\/p>\n","protected":false},"excerpt":{"rendered":"<p>Juli 2009 Der Vectra steht zum Verkauf. Nicht etwa weil er kernschrott oder dergleichen ist. Vielmehr hab ich mich entschieden, da\u00df es gr\u00f6\u00dferes hermu\u00df. Da ich leider den Vectra nicht behalten kann, mu\u00df ich ihn dazu aber verkaufen. das tue &hellip; <a href=\"http:\/\/v10.vectrexx.net\/?page_id=297\">Read the rest of this entry <span class=\"meta-nav\">&rarr;<\/span><\/a><\/p>\n","protected":false},"author":1,"featured_media":0,"parent":21,"menu_order":0,"comment_status":"open","ping_status":"closed","template":"onecolumn-page-nocom.php","meta":[],"_links":{"self":[{"href":"http:\/\/v10.vectrexx.net\/index.php?rest_route=\/wp\/v2\/pages\/297"}],"collection":[{"href":"http:\/\/v10.vectrexx.net\/index.php?rest_route=\/wp\/v2\/pages"}],"about":[{"href":"http:\/\/v10.vectrexx.net\/index.php?rest_route=\/wp\/v2\/types\/page"}],"author":[{"embeddable":true,"href":"http:\/\/v10.vectrexx.net\/index.php?rest_route=\/wp\/v2\/users\/1"}],"replies":[{"embeddable":true,"href":"http:\/\/v10.vectrexx.net\/index.php?rest_route=%2Fwp%2Fv2%2Fcomments&post=297"}],"version-history":[{"count":9,"href":"http:\/\/v10.vectrexx.net\/index.php?rest_route=\/wp\/v2\/pages\/297\/revisions"}],"predecessor-version":[{"id":436,"href":"http:\/\/v10.vectrexx.net\/index.php?rest_route=\/wp\/v2\/pages\/297\/revisions\/436"}],"up":[{"embeddable":true,"href":"http:\/\/v10.vectrexx.net\/index.php?rest_route=\/wp\/v2\/pages\/21"}],"wp:attachment":[{"href":"http:\/\/v10.vectrexx.net\/index.php?rest_route=%2Fwp%2Fv2%2Fmedia&parent=297"}],"curies":[{"name":"wp","href":"https:\/\/api.w.org\/{rel}","templated":true}]}}