{"id":757,"date":"2012-04-02T21:42:38","date_gmt":"2012-04-02T21:42:38","guid":{"rendered":"http:\/\/v10.vectrexx.net\/?page_id=757"},"modified":"2012-04-02T22:05:42","modified_gmt":"2012-04-02T22:05:42","slug":"2002-2","status":"publish","type":"page","link":"http:\/\/v10.vectrexx.net\/?page_id=757","title":{"rendered":"2002"},"content":{"rendered":"<h3><strong>story 2002<\/strong><\/h3>\n<h3>Juni<\/h3>\n<p>Kurz nach Erhalt des Autos wurde auch schon das &#8222;Veredeln&#8220; begonnen.  Das bestand zun\u00e4chst aus der Funk-Fernbedienung, Scheinwerferblenden und dem Sony-Radio. Die Serien-Lautsprecher blieben drin, da ich fand dass die Dinger ausreichten.<\/p>\n<h3>Juli<\/h3>\n<p>Kurze Zeit sp\u00e4ter kamen SML&#8217;s und GSi-R\u00fcckleuchten hinzu. Der Optik wegen habe ich verchromte<br \/>\n Innent\u00fcrgriffe sowie Einstiegsleisten verbaut.<br \/>\n Soweit ganz gut &#8211; aber irgendwas fehlte noch. Die R\u00fcckansicht gefiel mir noch nicht so ganz.<br \/>\n Kurzentschlossen tauschte ich das gekr\u00fcmmte Serienendrohr gegen einen Irmscher-ESD in Doppeleckig-Look.<br \/>\n Anfangs war der Sound langweilig, aber nach kurzer Freibrennphase kam auch der Tiefton.<\/p>\n<p><a href=\"http:\/\/v10.vectrexx.net\/wp-content\/uploads\/2012\/04\/int_1.jpg\" target=\"_blank\"><img src=\"http:\/\/v10.vectrexx.net\/wp-content\/uploads\/2012\/04\/int_1-150x150.jpg\" alt=\"verchromte T\u00fcr\u00f6ffner\" \/><\/a><a href=\"http:\/\/v10.vectrexx.net\/wp-content\/uploads\/2012\/04\/int_light_1.jpg\" target=\"_blank\"><img src=\"http:\/\/v10.vectrexx.net\/wp-content\/uploads\/2012\/04\/int_light_1-150x150.jpg\" alt=\"Einsteigsleisten\" \/><\/a><a href=\"http:\/\/v10.vectrexx.net\/wp-content\/uploads\/2012\/04\/PICT1713.jpg\" target=\"_blank\"><img src=\"http:\/\/v10.vectrexx.net\/wp-content\/uploads\/2012\/04\/PICT1713-150x150.jpg\" alt=\"GSi-R\u00fcckleuchten\" \/><\/a><a href=\"http:\/\/v10.vectrexx.net\/wp-content\/uploads\/2012\/04\/PICT1700.jpg\" target=\"_blank\"><img src=\"http:\/\/v10.vectrexx.net\/wp-content\/uploads\/2012\/04\/PICT1700-150x150.jpg\" alt=\"Steinmetz Endpott\" \/><\/a><\/p>\n<h3>August<\/h3>\n<p> Leider wollte das Sony-Radio nicht mehr so ganz, und so folgte nach einem knappen Monat der Ersatz<br \/>\n f\u00fcr das betagte Teil: Das Kenwood KDC-M 6021. Da stimmte dann auch die Optik &#8211; und MP3 ist auch schon drin..!!<br \/>\n W\u00e4hrend ich einen Monat auf meine Alus wartete,<br \/>\n wurde in der Zwischenzeit ein wenig Kleinkram wie Leseleuchten eingebaut.<br \/>\n<a href=\"http:\/\/v10.vectrexx.net\/wp-content\/uploads\/2012\/04\/PICT3787.jpg\" target=\"_blank\"><img src=\"http:\/\/v10.vectrexx.net\/wp-content\/uploads\/2012\/04\/PICT3787-150x150.jpg\" alt=\"Kenwood-Radio\" \/><\/a><a href=\"http:\/\/v10.vectrexx.net\/wp-content\/uploads\/2012\/04\/PICT3783.jpg\" target=\"_blank\"><img src=\"http:\/\/v10.vectrexx.net\/wp-content\/uploads\/2012\/04\/PICT3783-150x150.jpg\" alt=\"Leselampen\" \/><\/a><\/p>\n<h3>September<\/h3>\n<p>Nachdem die 7&#215;15-Ronal-Alus tats\u00e4chlich da waren, kam eine angemessene Bereifung in 195\/55\/15 drauf.<br \/>\n Leider fiel nun der gewaltige Spalt zwischen Rad und Kotfl\u00fcgel auf.  Ein FK-Fahrwerk war deswegen unumg\u00e4nglich.<br \/>\n Neben der besseren Optik ist der Fahrdynamik-Zuwachs enorm. Nun klappt&#8217;s auch mit dem Kurven fahren.<br \/>\n<a href=\"http:\/\/v10.vectrexx.net\/wp-content\/uploads\/2012\/04\/ronal1.jpg\" target=\"_blank\"><img src=\"http:\/\/v10.vectrexx.net\/wp-content\/uploads\/2012\/04\/ronal1-150x150.jpg\" alt=\"\" \/><\/a><a href=\"http:\/\/v10.vectrexx.net\/wp-content\/uploads\/2012\/04\/ronal2.jpg\" target=\"_blank\"><img src=\"http:\/\/v10.vectrexx.net\/wp-content\/uploads\/2012\/04\/ronal2-150x150.jpg\" alt=\"\" \/><\/a><\/p>\n<h3>Oktober<\/h3>\n<p>Ein Problem bestand jedoch noch: Das Soundsystem! Die Original-Lautsprecher waren mir doch etwas zu klangschwach.<br \/>\n L\u00f6sung des Problems: Endstufe und neue Lautsprecher.  Und &#8211; siehe da &#8211;  jetzt macht das Musikh\u00f6ren Spa\u00df (auch ohne Sub..)!  <\/p>\n<h3>Dezember<\/h3>\n<p>Der Serien-Grill musste einem Steinmetz-Grill weichen. Zuf\u00e4llig hatte ich noch eine Za4a-Chromleiste liegen,<br \/>\n die habe ich etwas bearbeitet und dann an den Grill bebastelt. \t\t <\/p>\n<p><a href=\"http:\/\/v10.vectrexx.net\/wp-content\/uploads\/2012\/04\/hifi_vorher.jpg\" target=\"_blank\"><img src=\"http:\/\/v10.vectrexx.net\/wp-content\/uploads\/2012\/04\/hifi_vorher-150x150.jpg\" alt=\"\" \/><\/a><a href=\"http:\/\/v10.vectrexx.net\/wp-content\/uploads\/2012\/04\/PICT5676.jpg\" target=\"_blank\"><img src=\"http:\/\/v10.vectrexx.net\/wp-content\/uploads\/2012\/04\/PICT5676-150x150.jpg\" alt=\"\" \/><\/a><\/p>\n<h3><a href=\"http:\/\/v10.vectrexx.net\/?page_id=761\"><strong>&gt;&gt; 2003 &gt;&gt;<\/strong><\/a><\/h3>\n","protected":false},"excerpt":{"rendered":"<p>story 2002 Juni Kurz nach Erhalt des Autos wurde auch schon das &#8222;Veredeln&#8220; begonnen. Das bestand zun\u00e4chst aus der Funk-Fernbedienung, Scheinwerferblenden und dem Sony-Radio. Die Serien-Lautsprecher blieben drin, da ich fand dass die Dinger ausreichten. Juli Kurze Zeit sp\u00e4ter kamen &hellip; <a href=\"http:\/\/v10.vectrexx.net\/?page_id=757\">Read the rest of this entry <span class=\"meta-nav\">&rarr;<\/span><\/a><\/p>\n","protected":false},"author":1,"featured_media":0,"parent":755,"menu_order":0,"comment_status":"open","ping_status":"closed","template":"onecolumn-page-nocom.php","meta":[],"_links":{"self":[{"href":"http:\/\/v10.vectrexx.net\/index.php?rest_route=\/wp\/v2\/pages\/757"}],"collection":[{"href":"http:\/\/v10.vectrexx.net\/index.php?rest_route=\/wp\/v2\/pages"}],"about":[{"href":"http:\/\/v10.vectrexx.net\/index.php?rest_route=\/wp\/v2\/types\/page"}],"author":[{"embeddable":true,"href":"http:\/\/v10.vectrexx.net\/index.php?rest_route=\/wp\/v2\/users\/1"}],"replies":[{"embeddable":true,"href":"http:\/\/v10.vectrexx.net\/index.php?rest_route=%2Fwp%2Fv2%2Fcomments&post=757"}],"version-history":[{"count":8,"href":"http:\/\/v10.vectrexx.net\/index.php?rest_route=\/wp\/v2\/pages\/757\/revisions"}],"predecessor-version":[{"id":775,"href":"http:\/\/v10.vectrexx.net\/index.php?rest_route=\/wp\/v2\/pages\/757\/revisions\/775"}],"up":[{"embeddable":true,"href":"http:\/\/v10.vectrexx.net\/index.php?rest_route=\/wp\/v2\/pages\/755"}],"wp:attachment":[{"href":"http:\/\/v10.vectrexx.net\/index.php?rest_route=%2Fwp%2Fv2%2Fmedia&parent=757"}],"curies":[{"name":"wp","href":"https:\/\/api.w.org\/{rel}","templated":true}]}}