{"id":763,"date":"2012-04-02T21:43:55","date_gmt":"2012-04-02T21:43:55","guid":{"rendered":"http:\/\/v10.vectrexx.net\/?page_id=763"},"modified":"2012-04-02T22:25:52","modified_gmt":"2012-04-02T22:25:52","slug":"2004-2","status":"publish","type":"page","link":"http:\/\/v10.vectrexx.net\/?page_id=763","title":{"rendered":"2004"},"content":{"rendered":"<h3><strong>story 2004<\/strong><\/h3>\n<h3>Januar<\/h3>\n<p> Jagut.. das neue Jahr hat angefangen. Die Front ist mittlerweile wieder repariert und im Zuge dessen ist nun eine<br \/>\n GSi-Haube mit der bereits bekannten MHV verbaut. Des Weiteren ziert das Heck nun ein Rieger-Hecksch\u00fcrzensansatz und die Komplettierung besteht aus den Lumma-Seitenschwellern,<br \/>\n die, sobald es w\u00e4rmer wird, auch angebaut werden.<br \/>\n<a href=\"http:\/\/v10.vectrexx.net\/wp-content\/uploads\/2012\/04\/PICT5663.jpg\" target=\"_blank\"><img src=\"http:\/\/v10.vectrexx.net\/wp-content\/uploads\/2012\/04\/PICT5663-150x150.jpg\" alt=\"\" \/><\/a><a href=\"http:\/\/v10.vectrexx.net\/wp-content\/uploads\/2012\/04\/PICT5666.jpg\" target=\"_blank\"><img src=\"http:\/\/v10.vectrexx.net\/wp-content\/uploads\/2012\/04\/PICT5666-150x150.jpg\" alt=\"\" \/><\/a><a href=\"http:\/\/v10.vectrexx.net\/wp-content\/uploads\/2012\/04\/PICT2261.jpg\" target=\"_blank\"><img src=\"http:\/\/v10.vectrexx.net\/wp-content\/uploads\/2012\/04\/PICT2261-150x150.jpg\" alt=\"\" \/><\/a><a href=\"http:\/\/v10.vectrexx.net\/wp-content\/uploads\/2012\/04\/PICT2264.jpg\" target=\"_blank\"><img src=\"http:\/\/v10.vectrexx.net\/wp-content\/uploads\/2012\/04\/PICT2264-150x150.jpg\" alt=\"\" \/><\/a><\/p>\n<h3>Februar<\/h3>\n<p> Damit ich auch nachts sehe, wo ich hintrete, habe ich in die T\u00fcren eine Ausstiegsbeleuchtung eingebaut.<br \/>\n Au\u00dferdem habe ich meine T\u00fcrpins ein wenig bearbeitet.<br \/>\n Die Sto\u00dfstangen zieren nun Chromleisten vom CDX-Modell.<br \/>\n<a href=\"http:\/\/v10.vectrexx.net\/wp-content\/uploads\/2012\/04\/PICT3812.jpg\" target=\"_blank\"><img src=\"http:\/\/v10.vectrexx.net\/wp-content\/uploads\/2012\/04\/PICT3812-150x150.jpg\" alt=\"\" \/><\/a><a href=\"http:\/\/v10.vectrexx.net\/wp-content\/uploads\/2012\/04\/PICT3816.jpg\" target=\"_blank\"><img src=\"http:\/\/v10.vectrexx.net\/wp-content\/uploads\/2012\/04\/PICT3816-150x150.jpg\" alt=\"\" \/><\/a><a href=\"http:\/\/v10.vectrexx.net\/wp-content\/uploads\/2012\/04\/int_light_5.jpg\" target=\"_blank\"><img src=\"http:\/\/v10.vectrexx.net\/wp-content\/uploads\/2012\/04\/int_light_5-150x150.jpg\" alt=\"\" \/><\/a><\/p>\n<h3>M\u00e4rz<\/h3>\n<p>An einem mehr oder weniger passenden Tag hab ich die Seitenschweller angebaut.<br \/>\n Des Weiteren ist wieder etwas in Planung, wann dies jedoch fertig wird ist ungewiss.<\/p>\n<h3>April<\/h3>\n<p>Nach einiger Planungszeit ist nun der Kofferraumausbau funktionsf\u00e4hig. Soundboard ist halt doch kein Vergleich zu nem Sub..;)<br \/>\n  Besonderer Dank geht hierbei an ZOOBIE, der mich dabei tatkr\u00e4ftig unterst\u00fctzt hat.<br \/>\n Ist alles noch nicht ganz fertig, der Rest ist nur die Optik sprich Stoff usw. Der folgt bald. <\/p>\n<p>Der Ausbau selber dient prim\u00e4r dem Zweck, weniger der Optik.<br \/>\n Das komplette Hecksystem w\u00fcrde ge\u00e4ndert. In die Serieneinbaupl\u00e4tze kamen Next Coax-Systeme,<br \/>\n eine zweite Amp aus der Apolle-Serie &#8211; die Thor &#8211; versorgt nun den JL-Sub.<br \/>\n Gepuffert wird das ganze durch einen BOA-Cap.<br \/>\n<a href=\"http:\/\/v10.vectrexx.net\/wp-content\/uploads\/2012\/04\/PICT2623.jpg\" target=\"_blank\"><img src=\"http:\/\/v10.vectrexx.net\/wp-content\/uploads\/2012\/04\/PICT2623-150x150.jpg\" alt=\"\" \/><\/a><a href=\"http:\/\/v10.vectrexx.net\/wp-content\/uploads\/2012\/04\/PICT2982.jpg\" target=\"_blank\"><img src=\"http:\/\/v10.vectrexx.net\/wp-content\/uploads\/2012\/04\/PICT2982-150x150.jpg\" alt=\"\" \/><\/a><a href=\"http:\/\/v10.vectrexx.net\/wp-content\/uploads\/2012\/04\/PICT2987.jpg\" target=\"_blank\"><img src=\"http:\/\/v10.vectrexx.net\/wp-content\/uploads\/2012\/04\/PICT2987-150x150.jpg\" alt=\"\" \/><\/a><\/p>\n<h3>Mai<\/h3>\n<p>Ich hab mir nen Bordcomputer eingebaut (MID) &#8211; schon irgendwie lustig (und praktisch) son Teil \ud83d\ude09 <\/p>\n<h3>Juni<\/h3>\n<p>Eine FK-Domstrebe ist nun im Vorderwagen verbaut. <\/p>\n<h3>Juli<\/h3>\n<p>Neu im Innenraum ist nun ein Tempomat-Blinkerhebel. Dieser hat jedoch nicht seine eigentliche Aufgabe,<br \/>\n sondern steuert ein anderes Bauteil an als urspr\u00fcnglich vorgesehen, n\u00e4mlich das el. Schiebedach.<br \/>\n Passend zu der Sto\u00dfstangenverchromung sind nun auch die passenden CDX-Zierleisten montiert.<br \/>\n Ende des Monats wurde die GSi-Bremsanlage komplettiert, des Weiteren wurden Chromleisten unterhalb der Fenster angebracht. <\/p>\n<h3>August<\/h3>\n<p>Seit Mitte August ist die Hinterachs-Strebe vom GSi-16V verbaut, des Weiteren l\u00e4uft die Planung zu mehr PS \ud83d\ude09 <\/p>\n<h3>September<\/h3>\n<p>Die Innenraumbeleuchtung vorne wie hinten geschieht nun durch wei\u00dfe und blaue LEDs.<br \/>\n<a href=\"http:\/\/v10.vectrexx.net\/wp-content\/uploads\/2012\/04\/int_light_7.jpg\" target=\"_blank\"><img src=\"http:\/\/v10.vectrexx.net\/wp-content\/uploads\/2012\/04\/int_light_7-150x150.jpg\" alt=\"\" \/><\/a><a href=\"http:\/\/v10.vectrexx.net\/wp-content\/uploads\/2012\/04\/int_light_12.jpg\" target=\"_blank\"><img src=\"http:\/\/v10.vectrexx.net\/wp-content\/uploads\/2012\/04\/int_light_12-150x150.jpg\" alt=\"\" \/><\/a><a href=\"http:\/\/v10.vectrexx.net\/wp-content\/uploads\/2012\/04\/int_light_8.jpg\" target=\"_blank\"><img src=\"http:\/\/v10.vectrexx.net\/wp-content\/uploads\/2012\/04\/int_light_8-150x150.jpg\" alt=\"\" \/><\/a><\/p>\n<h3>Oktober<\/h3>\n<p>Der Umbau ist abgeschlossen &#8211;  ab sofort werkelt ein 2.0 16V Ecotec unter meiner Haube. Damit sichs auch lohnt hat er<br \/>\n direkt ein Paar Irmscher Nockenwellen sowie Irmscher F\u00e4cherkr\u00fcmmer bekommen, letzteres bl\u00e4st die Abgase durch<br \/>\n eine Fortex-Gr.A-4-Rohr-Anlage ab Kat. Im Zuge des Umbaus ist der K+N-LuFi rausgeflogen und durch einen<br \/>\n Serien-LuFi-Kasten ersetzt, ebenso muss ich mich nun nach einer neuen Domstrebe umschauen. <\/p>\n<p> Vielleicht sei noch zu erw\u00e4hnen, da\u00df es meine Sonderausstattung, Champion II (damals zur England-EM 96),<br \/>\n nie ab Werk mit der 2l-Maschine gab \ud83d\ude42<br \/>\n<a href=\"http:\/\/v10.vectrexx.net\/wp-content\/uploads\/2012\/04\/vorher.jpg\" target=\"_blank\"><img src=\"http:\/\/v10.vectrexx.net\/wp-content\/uploads\/2012\/04\/vorher-150x150.jpg\" alt=\"\" \/><\/a><a href=\"http:\/\/v10.vectrexx.net\/wp-content\/uploads\/2012\/04\/PICT5680.jpg\" target=\"_blank\"><img src=\"http:\/\/v10.vectrexx.net\/wp-content\/uploads\/2012\/04\/PICT5680-150x150.jpg\" alt=\"\" \/><\/a><\/p>\n<h3><a href=\"http:\/\/v10.vectrexx.net\/?page_id=761\"><strong>zu 2003<\/strong><\/a> || <a href=\"http:\/\/v10.vectrexx.net\/?page_id=765\"><strong>zu 2005<\/strong><\/a><\/h3>\n","protected":false},"excerpt":{"rendered":"<p>story 2004 Januar Jagut.. das neue Jahr hat angefangen. Die Front ist mittlerweile wieder repariert und im Zuge dessen ist nun eine GSi-Haube mit der bereits bekannten MHV verbaut. Des Weiteren ziert das Heck nun ein Rieger-Hecksch\u00fcrzensansatz und die Komplettierung &hellip; <a href=\"http:\/\/v10.vectrexx.net\/?page_id=763\">Read the rest of this entry <span class=\"meta-nav\">&rarr;<\/span><\/a><\/p>\n","protected":false},"author":1,"featured_media":0,"parent":755,"menu_order":0,"comment_status":"open","ping_status":"closed","template":"onecolumn-page-nocom.php","meta":[],"_links":{"self":[{"href":"http:\/\/v10.vectrexx.net\/index.php?rest_route=\/wp\/v2\/pages\/763"}],"collection":[{"href":"http:\/\/v10.vectrexx.net\/index.php?rest_route=\/wp\/v2\/pages"}],"about":[{"href":"http:\/\/v10.vectrexx.net\/index.php?rest_route=\/wp\/v2\/types\/page"}],"author":[{"embeddable":true,"href":"http:\/\/v10.vectrexx.net\/index.php?rest_route=\/wp\/v2\/users\/1"}],"replies":[{"embeddable":true,"href":"http:\/\/v10.vectrexx.net\/index.php?rest_route=%2Fwp%2Fv2%2Fcomments&post=763"}],"version-history":[{"count":3,"href":"http:\/\/v10.vectrexx.net\/index.php?rest_route=\/wp\/v2\/pages\/763\/revisions"}],"predecessor-version":[{"id":875,"href":"http:\/\/v10.vectrexx.net\/index.php?rest_route=\/wp\/v2\/pages\/763\/revisions\/875"}],"up":[{"embeddable":true,"href":"http:\/\/v10.vectrexx.net\/index.php?rest_route=\/wp\/v2\/pages\/755"}],"wp:attachment":[{"href":"http:\/\/v10.vectrexx.net\/index.php?rest_route=%2Fwp%2Fv2%2Fmedia&parent=763"}],"curies":[{"name":"wp","href":"https:\/\/api.w.org\/{rel}","templated":true}]}}