{"id":894,"date":"2012-04-02T23:01:58","date_gmt":"2012-04-02T23:01:58","guid":{"rendered":"http:\/\/v10.vectrexx.net\/?page_id=894"},"modified":"2012-04-02T23:03:16","modified_gmt":"2012-04-02T23:03:16","slug":"hommage","status":"publish","type":"page","link":"http:\/\/v10.vectrexx.net\/?page_id=894","title":{"rendered":"hommage"},"content":{"rendered":"<h3>Hommage &#38; Review<\/h3>\n<p> Juni 2002 begann es, September 2008 endete es.<br \/>\n \u00dcber 6 Jahre und 103tkm, eine lange Zeit.<\/p>\n<p> Das erste Auto ist wohl immer irgendwie etwas besonderes.<br \/>\n Wer h\u00e4tte anno 2002 geahnt, da\u00df es mal solche Ausma\u00dfe nimmt.<\/p>\n<p> Was hast du nicht alles mitmachen m\u00fcssen.<\/p>\n<p> Erste Tuningversuche- und Erfahrungen, in fahrerischer sowie Tuning-Hinsicht.<br \/>\n Lehrgeld&#8230; viel Lehrgeld ist in dich geflossen.<br \/>\n Unz\u00e4hlige Umbauten, Anbauten, vorne, hinten, oben, unten, innen, au\u00dfen &#8211; nur wenig blieb unangetastet.<\/p>\n<p> Selbst einen leichten Auffahrunfall mu\u00dftest du mitmachen, etwas Unaufmerksamtkeit am Morgen, Regen und harten Reifen sei Dank.<br \/>\n Der Lack stand nie unter einem guten Stern, vor meiner Zeit nicht,<br \/>\n und auch w\u00e4hrend meiner Zeit hat sich das aufgrund verschiedener Vorkommnisse eigentlich nie ge\u00e4ndert.<\/p>\n<p> Was wurde nicht alles an dir rumgebastelt und gebaut.<br \/>\n Selbst das Herz blieb nicht unangetastet, wurde getauscht und verhalf dir zu neuem Leben.<br \/>\n Dreimal verpasste man dir eine Hifi-Anlage, die Felgen die dich schm\u00fcckten kann man nicht an einer Hand abz\u00e4hlen.<\/p>\n<p> In diesen 6 Jahren hast du das alles \u00fcber dich ergehen lassen,<br \/>\n hast dich durchge&#8217;robbt&#8216; und dabei nie eine richtige Panne gehabt.<br \/>\n Das eine mal nach dem Motorumbau.. naja wenn man die falschen Teile bekommt kann der beste Motor<br \/>\n nicht lange laufen&#8230; vielen Dank an dieser Stelle daf\u00fcr an den Lageristen, der mir irrt\u00fcmlich das falsche Kraftstoffpumpenrelais gab&#8230;<\/p>\n<p> Sicherlich hattest du deine Fehler, teilweise auch sehr nervige.<br \/>\n Perfekt oder ein Showcar warst du nie, darauf warst du auch nie ausgelegt.<\/p>\n<p> Du warst der treue Opel, der immer das tat, was er tun sollte wenn man ihn brauchte: Fahren.<br \/>\n Opel der Zuverl\u00e4ssige &#8211; das passte zu dir.<\/p>\n<p> Ich wei\u00df, du warst nur ein Auto. Einst im Bochumer Werk gebaut, um von A nach B zu fahren.<br \/>\n Aber f\u00fcr mich warst du mehr als das. Du warst mein Auto. <\/p>\n<p> Mein erstes Auto, da\u00df mir viel Freude, aber auch immer etwas Kummer bereitet hat.<br \/>\n Ich habe mit, von und an dir das Schrauben gelernt.<br \/>\n Du warst sowas wie ein Kumpel. Immer da wenn man ihn brauchte.<\/p>\n<p> Man soll ja bekanntlich aufh\u00f6ren, wenns am sch\u00f6nsten ist.<br \/>\n Ein Abschiedsvideo wird dir demn\u00e4chst die letzte Ehre erweisen.<\/p>\n<p> F\u00fcr mich wirst du immer unvergessen bleiben<\/p>\n<p><a href=\"http:\/\/v10.vectrexx.net\/wp-content\/uploads\/2012\/04\/hommage.jpg\" target=\"_blank\"><img src=\"http:\/\/v10.vectrexx.net\/wp-content\/uploads\/2012\/04\/hommage-150x150.jpg\" alt=\"\" \/><\/a><\/p>\n<h3><a href=\"http:\/\/v10.vectrexx.net\/?page_id=772\"><strong>-zur\u00fcck-<\/strong><br \/>\n<\/a><\/h3>\n","protected":false},"excerpt":{"rendered":"<p>Hommage &#38; Review Juni 2002 begann es, September 2008 endete es. \u00dcber 6 Jahre und 103tkm, eine lange Zeit. Das erste Auto ist wohl immer irgendwie etwas besonderes. Wer h\u00e4tte anno 2002 geahnt, da\u00df es mal solche Ausma\u00dfe nimmt. Was &hellip; <a href=\"http:\/\/v10.vectrexx.net\/?page_id=894\">Read the rest of this entry <span class=\"meta-nav\">&rarr;<\/span><\/a><\/p>\n","protected":false},"author":1,"featured_media":0,"parent":23,"menu_order":0,"comment_status":"open","ping_status":"closed","template":"onecolumn-page-nocom.php","meta":[],"_links":{"self":[{"href":"http:\/\/v10.vectrexx.net\/index.php?rest_route=\/wp\/v2\/pages\/894"}],"collection":[{"href":"http:\/\/v10.vectrexx.net\/index.php?rest_route=\/wp\/v2\/pages"}],"about":[{"href":"http:\/\/v10.vectrexx.net\/index.php?rest_route=\/wp\/v2\/types\/page"}],"author":[{"embeddable":true,"href":"http:\/\/v10.vectrexx.net\/index.php?rest_route=\/wp\/v2\/users\/1"}],"replies":[{"embeddable":true,"href":"http:\/\/v10.vectrexx.net\/index.php?rest_route=%2Fwp%2Fv2%2Fcomments&post=894"}],"version-history":[{"count":3,"href":"http:\/\/v10.vectrexx.net\/index.php?rest_route=\/wp\/v2\/pages\/894\/revisions"}],"predecessor-version":[{"id":900,"href":"http:\/\/v10.vectrexx.net\/index.php?rest_route=\/wp\/v2\/pages\/894\/revisions\/900"}],"up":[{"embeddable":true,"href":"http:\/\/v10.vectrexx.net\/index.php?rest_route=\/wp\/v2\/pages\/23"}],"wp:attachment":[{"href":"http:\/\/v10.vectrexx.net\/index.php?rest_route=%2Fwp%2Fv2%2Fmedia&parent=894"}],"curies":[{"name":"wp","href":"https:\/\/api.w.org\/{rel}","templated":true}]}}